{"id":97,"date":"2023-05-30T15:39:12","date_gmt":"2023-05-30T13:39:12","guid":{"rendered":"http:\/\/topmachinecontrole.com\/?page_id=97"},"modified":"2025-09-09T09:01:08","modified_gmt":"2025-09-09T07:01:08","slug":"diagnostic-moteur","status":"publish","type":"page","link":"https:\/\/topmachinecontrole.com\/index.php\/diagnostic-moteur\/","title":{"rendered":"Contr\u00f4le Banc d&rsquo;Essai Moteur"},"content":{"rendered":"<style>.kb-row-layout-id97_770303-bb > .kt-row-column-wrap{align-content:start;}:where(.kb-row-layout-id97_770303-bb > .kt-row-column-wrap) > .wp-block-kadence-column{justify-content:start;}.kb-row-layout-id97_770303-bb > .kt-row-column-wrap{column-gap:var(--global-kb-gap-none, 0rem );row-gap:var(--global-kb-gap-md, 2rem);max-width:var( --global-content-width, 1311px );padding-left:var(--global-content-edge-padding);padding-right:var(--global-content-edge-padding);padding-top:0px;padding-bottom:0px;grid-template-columns:repeat(2, minmax(0, 1fr));}.kb-row-layout-id97_770303-bb{--breakout-negative-margin-right:calc( ( ( ( var(--global-vw, 100vw) - ( var( --global-content-width, 1311px ) - ( var(--global-content-edge-padding)*2 ) ) ) \/ 2 ) *-1) + -1px);--breakout-negative-margin-left:calc( ( ( ( var(--global-vw, 100vw) - ( var( --global-content-width, 1311px ) - ( var(--global-content-edge-padding)*2 ) ) ) \/ 2 ) *-1) + -1px);}@media all and (min-width:1311px){.kb-row-layout-id97_770303-bb > .kt-row-column-wrap > .wp-block-kadence-column:nth-child(2 of *:not(style)):not(.specificity){margin-inline-end:var(--breakout-negative-margin-right);}}.kb-row-layout-id97_770303-bb{border-top:20px solid transparent;border-right:20px solid transparent;border-bottom:20px solid transparent;border-left:20px solid transparent;}.kb-row-layout-id97_770303-bb > .kt-row-layout-overlay{opacity:0.30;}@media all and (min-width: 1025px){.kb-row-layout-id97_770303-bb > .kt-row-column-wrap > .wp-block-kadence-column:nth-child(2 of *:not(style)){margin-inline-end:calc( var(--global-content-edge-padding) *-1 );}}@media all and (max-width: 1024px){.kb-row-layout-id97_770303-bb > .kt-row-column-wrap{row-gap:var(--global-kb-gap-none, 0rem );padding-right:0px;padding-left:0px;grid-template-columns:minmax(0, 1fr);}}@media all and (max-width: 1024px){.kb-row-layout-id97_770303-bb > .kt-row-column-wrap > .wp-block-kadence-column:nth-child(1 of *:not(style)){order:2;}}@media all and (max-width: 1024px){.kb-row-layout-id97_770303-bb > .kt-row-column-wrap > .wp-block-kadence-column:nth-child(2 of *:not(style)){order:1;}}@media all and (max-width: 1024px){.kb-row-layout-id97_770303-bb > .kt-row-column-wrap > .wp-block-kadence-column:nth-child(3 of *:not(style)){order:12;}}@media all and (max-width: 1024px){.kb-row-layout-id97_770303-bb > .kt-row-column-wrap > .wp-block-kadence-column:nth-child(4 of *:not(style)){order:11;}}@media all and (max-width: 1024px){.kb-row-layout-id97_770303-bb > .kt-row-column-wrap > .wp-block-kadence-column:nth-child(5 of *:not(style)){order:22;}}@media all and (max-width: 1024px){.kb-row-layout-id97_770303-bb > .kt-row-column-wrap > .wp-block-kadence-column:nth-child(6 of *:not(style)){order:21;}}@media all and (max-width: 1024px){.kb-row-layout-id97_770303-bb > .kt-row-column-wrap > .wp-block-kadence-column:nth-child(7 of *:not(style)){order:32;}}@media all and (max-width: 1024px){.kb-row-layout-id97_770303-bb > .kt-row-column-wrap > .wp-block-kadence-column:nth-child(8 of *:not(style)){order:31;}}@media all and (max-width: 1024px){.kb-row-layout-id97_770303-bb{border-top:20px solid transparent;border-right:20px solid transparent;border-bottom:20px solid transparent;border-left:20px solid transparent;}}@media all and (min-width: 768px) and (max-width: 1024px){.kb-row-layout-id97_770303-bb > .kt-row-column-wrap:not(.kt-tab-layout-row) > .wp-block-kadence-column:nth-child(2 of *:not(style)){margin-inline-end:calc( var(--global-content-edge-padding) *-1 );}}@media all and (max-width: 767px){.kb-row-layout-id97_770303-bb > .kt-row-column-wrap{grid-template-columns:minmax(0, 1fr);}.kb-row-layout-id97_770303-bb > .kt-row-column-wrap > .wp-block-kadence-column:nth-child(1 of *:not(style)){order:2;}.kb-row-layout-id97_770303-bb > .kt-row-column-wrap > .wp-block-kadence-column:nth-child(2 of *:not(style)){order:1;}.kb-row-layout-id97_770303-bb > .kt-row-column-wrap > .wp-block-kadence-column:nth-child(3 of *:not(style)){order:12;}.kb-row-layout-id97_770303-bb > .kt-row-column-wrap > .wp-block-kadence-column:nth-child(4 of *:not(style)){order:11;}.kb-row-layout-id97_770303-bb > .kt-row-column-wrap > .wp-block-kadence-column:nth-child(5 of *:not(style)){order:22;}.kb-row-layout-id97_770303-bb > .kt-row-column-wrap > .wp-block-kadence-column:nth-child(6 of *:not(style)){order:21;}.kb-row-layout-id97_770303-bb > .kt-row-column-wrap > .wp-block-kadence-column:nth-child(7 of *:not(style)){order:32;}.kb-row-layout-id97_770303-bb > .kt-row-column-wrap > .wp-block-kadence-column:nth-child(8 of *:not(style)){order:31;}.kb-row-layout-id97_770303-bb{border-top:20px solid transparent;border-right:20px solid transparent;border-bottom:20px solid transparent;border-left:20px solid transparent;}}<\/style><div class=\"kb-row-layout-wrap kb-row-layout-id97_770303-bb alignfull has-theme-palette9-background-color kt-row-has-bg wp-block-kadence-rowlayout\"><div class=\"kt-row-column-wrap kt-has-2-columns kt-row-layout-equal kt-tab-layout-row kt-mobile-layout-row kt-row-valign-top kt-inner-column-height-full kb-theme-content-width\">\n<style>.kadence-column97_d72d1c-b6 > .kt-inside-inner-col{display:flex;}.kadence-column97_d72d1c-b6 > .kt-inside-inner-col{padding-top:var(--global-kb-spacing-5xl, 10rem);padding-right:var(--global-kb-spacing-xl, 4rem);padding-bottom:var(--global-kb-spacing-xxl, 5rem);padding-left:0px;}.kadence-column97_d72d1c-b6 > .kt-inside-inner-col,.kadence-column97_d72d1c-b6 > .kt-inside-inner-col:before{border-top-left-radius:0px;border-top-right-radius:0px;border-bottom-right-radius:0px;border-bottom-left-radius:0px;}.kadence-column97_d72d1c-b6 > .kt-inside-inner-col{column-gap:var(--global-kb-gap-sm, 1rem);}.kadence-column97_d72d1c-b6 > .kt-inside-inner-col{flex-direction:column;justify-content:center;align-items:center;}.kadence-column97_d72d1c-b6 > .kt-inside-inner-col > .kb-image-is-ratio-size{align-self:stretch;}.kadence-column97_d72d1c-b6 > .kt-inside-inner-col > .wp-block-kadence-advancedgallery{align-self:stretch;}.kadence-column97_d72d1c-b6 > .kt-inside-inner-col > .aligncenter{width:100%;}.kt-row-column-wrap > .kadence-column97_d72d1c-b6{align-self:center;}.kt-inner-column-height-full:not(.kt-has-1-columns) > .wp-block-kadence-column.kadence-column97_d72d1c-b6{align-self:auto;}.kt-inner-column-height-full:not(.kt-has-1-columns) > .wp-block-kadence-column.kadence-column97_d72d1c-b6 > .kt-inside-inner-col{flex-direction:column;justify-content:center;}.kadence-column97_d72d1c-b6 > .kt-inside-inner-col:before{opacity:0.3;}.kadence-column97_d72d1c-b6{text-align:center;}.kadence-column97_d72d1c-b6{position:relative;}@media all and (max-width: 1024px){.kadence-column97_d72d1c-b6 > .kt-inside-inner-col{padding-top:var(--global-kb-spacing-lg, 3rem);padding-right:var(--global-kb-spacing-md, 2rem);padding-bottom:var(--global-kb-spacing-lg, 3rem);padding-left:var(--global-kb-spacing-md, 2rem);flex-direction:column;justify-content:center;align-items:center;}}@media all and (max-width: 1024px){.kt-row-column-wrap > .kadence-column97_d72d1c-b6{align-self:center;}}@media all and (max-width: 1024px){.kt-inner-column-height-full:not(.kt-has-1-columns) > .wp-block-kadence-column.kadence-column97_d72d1c-b6{align-self:auto;}}@media all and (max-width: 1024px){.kt-inner-column-height-full:not(.kt-has-1-columns) > .wp-block-kadence-column.kadence-column97_d72d1c-b6 > .kt-inside-inner-col{flex-direction:column;justify-content:center;}}@media all and (max-width: 767px){.kadence-column97_d72d1c-b6 > .kt-inside-inner-col{padding-right:var(--global-kb-spacing-xs, 1rem);padding-left:var(--global-kb-spacing-xs, 1rem);flex-direction:column;justify-content:center;align-items:center;}.kt-row-column-wrap > .kadence-column97_d72d1c-b6{align-self:center;}.kt-inner-column-height-full:not(.kt-has-1-columns) > .wp-block-kadence-column.kadence-column97_d72d1c-b6{align-self:auto;}.kt-inner-column-height-full:not(.kt-has-1-columns) > .wp-block-kadence-column.kadence-column97_d72d1c-b6 > .kt-inside-inner-col{flex-direction:column;justify-content:center;}}<\/style>\n<div class=\"wp-block-kadence-column kadence-column97_d72d1c-b6 kb-section-dir-vertical inner-column-1\"><div class=\"kt-inside-inner-col\"><style>.wp-block-kadence-advancedheading.kt-adv-heading97_ff9080-1a, .wp-block-kadence-advancedheading.kt-adv-heading97_ff9080-1a[data-kb-block=\"kb-adv-heading97_ff9080-1a\"]{padding-bottom:var(--global-kb-spacing-sm, 1.5rem);font-size:var(--global-kb-font-size-md, 1.25rem);font-style:normal;text-transform:uppercase;color:#ff8200;}.wp-block-kadence-advancedheading.kt-adv-heading97_ff9080-1a mark.kt-highlight, .wp-block-kadence-advancedheading.kt-adv-heading97_ff9080-1a[data-kb-block=\"kb-adv-heading97_ff9080-1a\"] mark.kt-highlight{font-style:normal;color:#f76a0c;-webkit-box-decoration-break:clone;box-decoration-break:clone;padding-top:0px;padding-right:0px;padding-bottom:0px;padding-left:0px;}.wp-block-kadence-advancedheading.kt-adv-heading97_ff9080-1a img.kb-inline-image, .wp-block-kadence-advancedheading.kt-adv-heading97_ff9080-1a[data-kb-block=\"kb-adv-heading97_ff9080-1a\"] img.kb-inline-image{width:150px;vertical-align:baseline;}<\/style>\n<div class=\"kt-adv-heading97_ff9080-1a wp-block-kadence-advancedheading\" data-kb-block=\"kb-adv-heading97_ff9080-1a\"><strong>Optimiser les performanceS de votre tracteur et \u00e9conomiser du carburant<\/strong><\/div>\n\n\n<style>.wp-block-kadence-advancedheading.kt-adv-heading97_d8a81f-73, .wp-block-kadence-advancedheading.kt-adv-heading97_d8a81f-73[data-kb-block=\"kb-adv-heading97_d8a81f-73\"]{padding-bottom:0px;margin-top:0px;margin-bottom:var(--global-kb-spacing-sm, 1.5rem);font-size:var(--global-kb-font-size-md, 1.25rem);line-height:1.2;font-style:normal;}.wp-block-kadence-advancedheading.kt-adv-heading97_d8a81f-73 mark.kt-highlight, .wp-block-kadence-advancedheading.kt-adv-heading97_d8a81f-73[data-kb-block=\"kb-adv-heading97_d8a81f-73\"] mark.kt-highlight{font-style:normal;color:#f76a0c;-webkit-box-decoration-break:clone;box-decoration-break:clone;padding-top:0px;padding-right:0px;padding-bottom:0px;padding-left:0px;}.wp-block-kadence-advancedheading.kt-adv-heading97_d8a81f-73 img.kb-inline-image, .wp-block-kadence-advancedheading.kt-adv-heading97_d8a81f-73[data-kb-block=\"kb-adv-heading97_d8a81f-73\"] img.kb-inline-image{width:150px;vertical-align:baseline;}<\/style>\n<h2 class=\"kt-adv-heading97_d8a81f-73 wp-block-kadence-advancedheading has-theme-palette-3-color has-text-color\" data-kb-block=\"kb-adv-heading97_d8a81f-73\"><strong>Le passage de votre tracteur au BEM, pourquoi?<\/strong><\/h2>\n\n\n<style>.wp-block-kadence-advancedheading.kt-adv-heading97_38c2c5-f1, .wp-block-kadence-advancedheading.kt-adv-heading97_38c2c5-f1[data-kb-block=\"kb-adv-heading97_38c2c5-f1\"]{text-align:center;font-size:var(--global-kb-font-size-md, 1.25rem);font-weight:400;font-style:normal;font-family:Roboto;text-transform:none;}.wp-block-kadence-advancedheading.kt-adv-heading97_38c2c5-f1 mark.kt-highlight, .wp-block-kadence-advancedheading.kt-adv-heading97_38c2c5-f1[data-kb-block=\"kb-adv-heading97_38c2c5-f1\"] mark.kt-highlight{font-style:normal;color:#f76a0c;-webkit-box-decoration-break:clone;box-decoration-break:clone;padding-top:0px;padding-right:0px;padding-bottom:0px;padding-left:0px;}.wp-block-kadence-advancedheading.kt-adv-heading97_38c2c5-f1 img.kb-inline-image, .wp-block-kadence-advancedheading.kt-adv-heading97_38c2c5-f1[data-kb-block=\"kb-adv-heading97_38c2c5-f1\"] img.kb-inline-image{width:150px;vertical-align:baseline;}<\/style>\n<p class=\"kt-adv-heading97_38c2c5-f1 has-md-font-size wp-block-kadence-advancedheading has-theme-palette-4-color has-text-color\" data-kb-block=\"kb-adv-heading97_38c2c5-f1\">Le diagnostic pour un tracteur prend quarante cinq minutes. Il consiste en une mesure de la puissance \u00e0 la prise de force (en kW), du couple (en N.m) et de la consommation (en g\/kW\/h). Conna\u00eetre ces caract\u00e9ristiques pour son moteur est le premier int\u00e9r\u00eat du diagnostic.<\/p>\n\n\n<style>.wp-block-kadence-advancedbtn.kb-btns97_6a8c33-98{gap:var(--global-kb-gap-xs, 0.5rem );justify-content:center;align-items:center;}.kt-btns97_6a8c33-98 .kt-button{font-weight:normal;font-style:normal;}.kt-btns97_6a8c33-98 .kt-btn-wrap-0{margin-right:5px;}.wp-block-kadence-advancedbtn.kt-btns97_6a8c33-98 .kt-btn-wrap-0 .kt-button{color:#555555;border-color:#555555;}.wp-block-kadence-advancedbtn.kt-btns97_6a8c33-98 .kt-btn-wrap-0 .kt-button:hover, .wp-block-kadence-advancedbtn.kt-btns97_6a8c33-98 .kt-btn-wrap-0 .kt-button:focus{color:#ffffff;border-color:#444444;}.wp-block-kadence-advancedbtn.kt-btns97_6a8c33-98 .kt-btn-wrap-0 .kt-button::before{display:none;}.wp-block-kadence-advancedbtn.kt-btns97_6a8c33-98 .kt-btn-wrap-0 .kt-button:hover, .wp-block-kadence-advancedbtn.kt-btns97_6a8c33-98 .kt-btn-wrap-0 .kt-button:focus{background:#444444;}<\/style>\n<div class=\"wp-block-kadence-advancedbtn kb-buttons-wrap kb-btns97_6a8c33-98\"><style>ul.menu .wp-block-kadence-advancedbtn .kb-btn97_7f9b72-04.kb-button{width:initial;}<\/style><a class=\"kb-button kt-button button kb-btn97_7f9b72-04 kt-btn-size-standard kt-btn-width-type-auto kb-btn-global-inherit  kt-btn-has-text-true kt-btn-has-svg-false  wp-block-button__link wp-block-kadence-singlebtn\" href=\"http:\/\/topmachinecontrole.com\/index.php\/contact\/\" target=\"_blank\" rel=\"noreferrer noopener\"><span class=\"kt-btn-inner-text\">Demander un devis <\/span><\/a><\/div>\n\n\n<style>.wp-block-kadence-advancedheading.kt-adv-heading97_57ce31-3d, .wp-block-kadence-advancedheading.kt-adv-heading97_57ce31-3d[data-kb-block=\"kb-adv-heading97_57ce31-3d\"]{font-style:normal;}.wp-block-kadence-advancedheading.kt-adv-heading97_57ce31-3d mark.kt-highlight, .wp-block-kadence-advancedheading.kt-adv-heading97_57ce31-3d[data-kb-block=\"kb-adv-heading97_57ce31-3d\"] mark.kt-highlight{font-style:normal;color:#f76a0c;-webkit-box-decoration-break:clone;box-decoration-break:clone;padding-top:0px;padding-right:0px;padding-bottom:0px;padding-left:0px;}.wp-block-kadence-advancedheading.kt-adv-heading97_57ce31-3d img.kb-inline-image, .wp-block-kadence-advancedheading.kt-adv-heading97_57ce31-3d[data-kb-block=\"kb-adv-heading97_57ce31-3d\"] img.kb-inline-image{width:150px;vertical-align:baseline;}<\/style>\n<h2 class=\"kt-adv-heading97_57ce31-3d wp-block-kadence-advancedheading\" data-kb-block=\"kb-adv-heading97_57ce31-3d\"><strong>Passer votre tracteur au banc d&rsquo;essai : un investissement<\/strong><\/h2>\n\n\n<style>.wp-block-kadence-advancedheading.kt-adv-heading97_7e62b8-39, .wp-block-kadence-advancedheading.kt-adv-heading97_7e62b8-39[data-kb-block=\"kb-adv-heading97_7e62b8-39\"]{text-align:center;font-size:var(--global-kb-font-size-md, 1.25rem);font-weight:400;font-style:normal;font-family:Roboto;}.wp-block-kadence-advancedheading.kt-adv-heading97_7e62b8-39 mark.kt-highlight, .wp-block-kadence-advancedheading.kt-adv-heading97_7e62b8-39[data-kb-block=\"kb-adv-heading97_7e62b8-39\"] mark.kt-highlight{font-style:normal;color:#f76a0c;-webkit-box-decoration-break:clone;box-decoration-break:clone;padding-top:0px;padding-right:0px;padding-bottom:0px;padding-left:0px;}.wp-block-kadence-advancedheading.kt-adv-heading97_7e62b8-39 img.kb-inline-image, .wp-block-kadence-advancedheading.kt-adv-heading97_7e62b8-39[data-kb-block=\"kb-adv-heading97_7e62b8-39\"] img.kb-inline-image{width:150px;vertical-align:baseline;}<\/style>\n<p class=\"kt-adv-heading97_7e62b8-39 wp-block-kadence-advancedheading\" data-kb-block=\"kb-adv-heading97_7e62b8-39\">A l\u2019issue du contr\u00f4le, nos techniciens sont en capacit\u00e9 de vous donner des conseils sur une utilisation optimale de votre tracteur (rapport puissance\/consommation) et de d\u00e9tecter d\u2019\u00e9ventuels probl\u00e8mes de puissance.<\/p>\n<\/div><\/div>\n\n\n<style>.kadence-column97_376161-ad > .kt-inside-inner-col{min-height:680px;}.kadence-column97_376161-ad > .kt-inside-inner-col,.kadence-column97_376161-ad > .kt-inside-inner-col:before{border-top-left-radius:0px;border-top-right-radius:0px;border-bottom-right-radius:0px;border-bottom-left-radius:0px;}.kadence-column97_376161-ad > .kt-inside-inner-col{column-gap:var(--global-kb-gap-sm, 1rem);}.kadence-column97_376161-ad > .kt-inside-inner-col{flex-direction:column;}.kadence-column97_376161-ad > .kt-inside-inner-col > .aligncenter{width:100%;}.kadence-column97_376161-ad > .kt-inside-inner-col{background-image:url('http:\/\/topmachinecontrole.com\/wp-content\/uploads\/2023\/07\/BEM-086-scaled.jpg');background-size:cover;background-position:46% 51%;background-attachment:scroll;background-repeat:no-repeat;}.kadence-column97_376161-ad{position:relative;}@media all and (max-width: 1024px){.kadence-column97_376161-ad > .kt-inside-inner-col{min-height:400px;flex-direction:column;justify-content:center;}}@media all and (max-width: 767px){.kadence-column97_376161-ad > .kt-inside-inner-col{min-height:300px;flex-direction:column;justify-content:center;}}<\/style>\n<div class=\"wp-block-kadence-column kadence-column97_376161-ad kb-section-dir-vertical kb-section-md-dir-vertical inner-column-2\"><div class=\"kt-inside-inner-col\"><\/div><\/div>\n\n<\/div><\/div>","protected":false},"excerpt":{"rendered":"<p>Optimiser les performanceS de votre tracteur et \u00e9conomiser du carburant Le passage de votre tracteur au BEM, pourquoi? Le diagnostic pour un tracteur prend quarante cinq minutes. Il consiste en une mesure de la puissance \u00e0 la prise de force (en kW), du couple (en N.m) et de la consommation (en g\/kW\/h). Conna\u00eetre ces caract\u00e9ristiques&#8230;<\/p>\n","protected":false},"author":1,"featured_media":0,"parent":0,"menu_order":0,"comment_status":"closed","ping_status":"closed","template":"","meta":{"_kad_post_transparent":"","_kad_post_title":"","_kad_post_layout":"","_kad_post_sidebar_id":"","_kad_post_content_style":"","_kad_post_vertical_padding":"","_kad_post_feature":"","_kad_post_feature_position":"","_kad_post_header":false,"_kad_post_footer":false,"footnotes":""},"class_list":["post-97","page","type-page","status-publish","hentry"],"_links":{"self":[{"href":"https:\/\/topmachinecontrole.com\/index.php\/wp-json\/wp\/v2\/pages\/97","targetHints":{"allow":["GET"]}}],"collection":[{"href":"https:\/\/topmachinecontrole.com\/index.php\/wp-json\/wp\/v2\/pages"}],"about":[{"href":"https:\/\/topmachinecontrole.com\/index.php\/wp-json\/wp\/v2\/types\/page"}],"author":[{"embeddable":true,"href":"https:\/\/topmachinecontrole.com\/index.php\/wp-json\/wp\/v2\/users\/1"}],"replies":[{"embeddable":true,"href":"https:\/\/topmachinecontrole.com\/index.php\/wp-json\/wp\/v2\/comments?post=97"}],"version-history":[{"count":17,"href":"https:\/\/topmachinecontrole.com\/index.php\/wp-json\/wp\/v2\/pages\/97\/revisions"}],"predecessor-version":[{"id":605,"href":"https:\/\/topmachinecontrole.com\/index.php\/wp-json\/wp\/v2\/pages\/97\/revisions\/605"}],"wp:attachment":[{"href":"https:\/\/topmachinecontrole.com\/index.php\/wp-json\/wp\/v2\/media?parent=97"}],"curies":[{"name":"wp","href":"https:\/\/api.w.org\/{rel}","templated":true}]}}