{"id":99,"date":"2023-05-30T15:40:36","date_gmt":"2023-05-30T13:40:36","guid":{"rendered":"http:\/\/topmachinecontrole.com\/?page_id=99"},"modified":"2023-07-31T14:40:01","modified_gmt":"2023-07-31T12:40:01","slug":"diagnostic-materiel-dirrigation","status":"publish","type":"page","link":"https:\/\/topmachinecontrole.com\/index.php\/diagnostic-materiel-dirrigation\/","title":{"rendered":"Contr\u00f4le mat\u00e9riel d&rsquo;irrigation"},"content":{"rendered":"<style>.kb-row-layout-id_dd913b-76 > .kt-row-column-wrap{align-content:start;}:where(.kb-row-layout-id_dd913b-76 > .kt-row-column-wrap) > .wp-block-kadence-column{justify-content:start;}.kb-row-layout-id_dd913b-76 > .kt-row-column-wrap{column-gap:var(--global-kb-gap-none, 0rem );row-gap:var(--global-kb-gap-md, 2rem);max-width:var( --global-content-width, 1311px );padding-left:var(--global-content-edge-padding);padding-right:var(--global-content-edge-padding);padding-top:0px;padding-bottom:0px;grid-template-columns:repeat(2, minmax(0, 1fr));}.kb-row-layout-id_dd913b-76{--breakout-negative-margin-right:calc( ( ( ( var(--global-vw, 100vw) - ( var( --global-content-width, 1311px ) - ( var(--global-content-edge-padding)*2 ) ) ) \/ 2 ) *-1) + -1px);--breakout-negative-margin-left:calc( ( ( ( var(--global-vw, 100vw) - ( var( --global-content-width, 1311px ) - ( var(--global-content-edge-padding)*2 ) ) ) \/ 2 ) *-1) + -1px);}@media all and (min-width:1311px){.kb-row-layout-id_dd913b-76 > .kt-row-column-wrap > .wp-block-kadence-column:nth-child(2 of *:not(style)):not(.specificity){margin-inline-end:var(--breakout-negative-margin-right);}}.kb-row-layout-id_dd913b-76 > .kt-row-layout-overlay{opacity:0.30;}@media all and (min-width: 1025px){.kb-row-layout-id_dd913b-76 > .kt-row-column-wrap > .wp-block-kadence-column:nth-child(2 of *:not(style)){margin-inline-end:calc( var(--global-content-edge-padding) *-1 );}}@media all and (max-width: 1024px){.kb-row-layout-id_dd913b-76 > .kt-row-column-wrap{row-gap:var(--global-kb-gap-none, 0rem );padding-right:0px;padding-left:0px;grid-template-columns:minmax(0, 1fr);}}@media all and (max-width: 1024px){.kb-row-layout-id_dd913b-76 > .kt-row-column-wrap > .wp-block-kadence-column:nth-child(1 of *:not(style)){order:2;}}@media all and (max-width: 1024px){.kb-row-layout-id_dd913b-76 > .kt-row-column-wrap > .wp-block-kadence-column:nth-child(2 of *:not(style)){order:1;}}@media all and (max-width: 1024px){.kb-row-layout-id_dd913b-76 > .kt-row-column-wrap > .wp-block-kadence-column:nth-child(3 of *:not(style)){order:12;}}@media all and (max-width: 1024px){.kb-row-layout-id_dd913b-76 > .kt-row-column-wrap > .wp-block-kadence-column:nth-child(4 of *:not(style)){order:11;}}@media all and (max-width: 1024px){.kb-row-layout-id_dd913b-76 > .kt-row-column-wrap > .wp-block-kadence-column:nth-child(5 of *:not(style)){order:22;}}@media all and (max-width: 1024px){.kb-row-layout-id_dd913b-76 > .kt-row-column-wrap > .wp-block-kadence-column:nth-child(6 of *:not(style)){order:21;}}@media all and (max-width: 1024px){.kb-row-layout-id_dd913b-76 > .kt-row-column-wrap > .wp-block-kadence-column:nth-child(7 of *:not(style)){order:32;}}@media all and (max-width: 1024px){.kb-row-layout-id_dd913b-76 > .kt-row-column-wrap > .wp-block-kadence-column:nth-child(8 of *:not(style)){order:31;}}@media all and (min-width: 768px) and (max-width: 1024px){.kb-row-layout-id_dd913b-76 > .kt-row-column-wrap:not(.kt-tab-layout-row) > .wp-block-kadence-column:nth-child(2 of *:not(style)){margin-inline-end:calc( var(--global-content-edge-padding) *-1 );}}@media all and (max-width: 767px){.kb-row-layout-id_dd913b-76 > .kt-row-column-wrap{grid-template-columns:minmax(0, 1fr);}.kb-row-layout-id_dd913b-76 > .kt-row-column-wrap > .wp-block-kadence-column:nth-child(1 of *:not(style)){order:2;}.kb-row-layout-id_dd913b-76 > .kt-row-column-wrap > .wp-block-kadence-column:nth-child(2 of *:not(style)){order:1;}.kb-row-layout-id_dd913b-76 > .kt-row-column-wrap > .wp-block-kadence-column:nth-child(3 of *:not(style)){order:12;}.kb-row-layout-id_dd913b-76 > .kt-row-column-wrap > .wp-block-kadence-column:nth-child(4 of *:not(style)){order:11;}.kb-row-layout-id_dd913b-76 > .kt-row-column-wrap > .wp-block-kadence-column:nth-child(5 of *:not(style)){order:22;}.kb-row-layout-id_dd913b-76 > .kt-row-column-wrap > .wp-block-kadence-column:nth-child(6 of *:not(style)){order:21;}.kb-row-layout-id_dd913b-76 > .kt-row-column-wrap > .wp-block-kadence-column:nth-child(7 of *:not(style)){order:32;}.kb-row-layout-id_dd913b-76 > .kt-row-column-wrap > .wp-block-kadence-column:nth-child(8 of *:not(style)){order:31;}}<\/style><div class=\"kb-row-layout-wrap kb-row-layout-id_dd913b-76 alignfull has-theme-palette9-background-color kt-row-has-bg wp-block-kadence-rowlayout\"><div class=\"kt-row-column-wrap kt-has-2-columns kt-row-layout-equal kt-tab-layout-row kt-mobile-layout-row kt-row-valign-top kt-inner-column-height-full kb-theme-content-width\">\n<style>.kadence-column_ca2f28-c3 > .kt-inside-inner-col{display:flex;}.kadence-column_ca2f28-c3 > .kt-inside-inner-col{padding-top:var(--global-kb-spacing-5xl, 10rem);padding-right:var(--global-kb-spacing-xl, 4rem);padding-bottom:var(--global-kb-spacing-xxl, 5rem);padding-left:0px;}.kadence-column_ca2f28-c3 > .kt-inside-inner-col,.kadence-column_ca2f28-c3 > .kt-inside-inner-col:before{border-top-left-radius:0px;border-top-right-radius:0px;border-bottom-right-radius:0px;border-bottom-left-radius:0px;}.kadence-column_ca2f28-c3 > .kt-inside-inner-col{column-gap:var(--global-kb-gap-sm, 1rem);}.kadence-column_ca2f28-c3 > .kt-inside-inner-col{flex-direction:column;justify-content:center;align-items:center;}.kadence-column_ca2f28-c3 > .kt-inside-inner-col > .kb-image-is-ratio-size{align-self:stretch;}.kadence-column_ca2f28-c3 > .kt-inside-inner-col > .wp-block-kadence-advancedgallery{align-self:stretch;}.kadence-column_ca2f28-c3 > .kt-inside-inner-col > .aligncenter{width:100%;}.kt-row-column-wrap > .kadence-column_ca2f28-c3{align-self:center;}.kt-inner-column-height-full:not(.kt-has-1-columns) > .wp-block-kadence-column.kadence-column_ca2f28-c3{align-self:auto;}.kt-inner-column-height-full:not(.kt-has-1-columns) > .wp-block-kadence-column.kadence-column_ca2f28-c3 > .kt-inside-inner-col{flex-direction:column;justify-content:center;}.kadence-column_ca2f28-c3 > .kt-inside-inner-col:before{opacity:0.3;}.kadence-column_ca2f28-c3{text-align:center;}.kadence-column_ca2f28-c3{position:relative;}@media all and (max-width: 1024px){.kadence-column_ca2f28-c3 > .kt-inside-inner-col{padding-top:var(--global-kb-spacing-lg, 3rem);padding-right:var(--global-kb-spacing-md, 2rem);padding-bottom:var(--global-kb-spacing-lg, 3rem);padding-left:var(--global-kb-spacing-md, 2rem);flex-direction:column;justify-content:center;align-items:center;}}@media all and (max-width: 1024px){.kt-row-column-wrap > .kadence-column_ca2f28-c3{align-self:center;}}@media all and (max-width: 1024px){.kt-inner-column-height-full:not(.kt-has-1-columns) > .wp-block-kadence-column.kadence-column_ca2f28-c3{align-self:auto;}}@media all and (max-width: 1024px){.kt-inner-column-height-full:not(.kt-has-1-columns) > .wp-block-kadence-column.kadence-column_ca2f28-c3 > .kt-inside-inner-col{flex-direction:column;justify-content:center;}}@media all and (max-width: 767px){.kadence-column_ca2f28-c3 > .kt-inside-inner-col{padding-right:var(--global-kb-spacing-xs, 1rem);padding-left:var(--global-kb-spacing-xs, 1rem);flex-direction:column;justify-content:center;align-items:center;}.kt-row-column-wrap > .kadence-column_ca2f28-c3{align-self:center;}.kt-inner-column-height-full:not(.kt-has-1-columns) > .wp-block-kadence-column.kadence-column_ca2f28-c3{align-self:auto;}.kt-inner-column-height-full:not(.kt-has-1-columns) > .wp-block-kadence-column.kadence-column_ca2f28-c3 > .kt-inside-inner-col{flex-direction:column;justify-content:center;}}<\/style>\n<div class=\"wp-block-kadence-column kadence-column_ca2f28-c3 kb-section-dir-vertical inner-column-1\"><div class=\"kt-inside-inner-col\"><style>.wp-block-kadence-advancedheading.kt-adv-heading_39e582-1d, .wp-block-kadence-advancedheading.kt-adv-heading_39e582-1d[data-kb-block=\"kb-adv-heading_39e582-1d\"]{padding-bottom:var(--global-kb-spacing-sm, 1.5rem);font-size:var(--global-kb-font-size-md, 1.25rem);font-style:normal;text-transform:uppercase;color:#ff8200;border-top:20px solid transparent;border-right:20px solid transparent;border-bottom:20px solid transparent;border-left:20px solid transparent;}.wp-block-kadence-advancedheading.kt-adv-heading_39e582-1d mark.kt-highlight, .wp-block-kadence-advancedheading.kt-adv-heading_39e582-1d[data-kb-block=\"kb-adv-heading_39e582-1d\"] mark.kt-highlight{font-style:normal;color:#f76a0c;-webkit-box-decoration-break:clone;box-decoration-break:clone;padding-top:0px;padding-right:0px;padding-bottom:0px;padding-left:0px;}.wp-block-kadence-advancedheading.kt-adv-heading_39e582-1d img.kb-inline-image, .wp-block-kadence-advancedheading.kt-adv-heading_39e582-1d[data-kb-block=\"kb-adv-heading_39e582-1d\"] img.kb-inline-image{width:150px;vertical-align:baseline;}@media all and (max-width: 1024px){.wp-block-kadence-advancedheading.kt-adv-heading_39e582-1d, .wp-block-kadence-advancedheading.kt-adv-heading_39e582-1d[data-kb-block=\"kb-adv-heading_39e582-1d\"]{border-top:20px solid transparent;border-right:20px solid transparent;border-bottom:20px solid transparent;border-left:20px solid transparent;}}@media all and (max-width: 767px){.wp-block-kadence-advancedheading.kt-adv-heading_39e582-1d, .wp-block-kadence-advancedheading.kt-adv-heading_39e582-1d[data-kb-block=\"kb-adv-heading_39e582-1d\"]{border-top:20px solid transparent;border-right:20px solid transparent;border-bottom:20px solid transparent;border-left:20px solid transparent;}}<\/style>\n<div class=\"kt-adv-heading_39e582-1d wp-block-kadence-advancedheading\" data-kb-block=\"kb-adv-heading_39e582-1d\"><strong><strong>Une v\u00e9rification de l\u2019int\u00e9grit\u00e9 des structures d\u2019irrigation pour une campagne sereine<\/strong><\/strong><\/div>\n\n\n<style>.wp-block-kadence-advancedheading.kt-adv-heading_c1f281-1b, .wp-block-kadence-advancedheading.kt-adv-heading_c1f281-1b[data-kb-block=\"kb-adv-heading_c1f281-1b\"]{text-align:center;font-weight:400;font-style:normal;font-family:Roboto;}.wp-block-kadence-advancedheading.kt-adv-heading_c1f281-1b mark.kt-highlight, .wp-block-kadence-advancedheading.kt-adv-heading_c1f281-1b[data-kb-block=\"kb-adv-heading_c1f281-1b\"] mark.kt-highlight{font-style:normal;color:#f76a0c;-webkit-box-decoration-break:clone;box-decoration-break:clone;padding-top:0px;padding-right:0px;padding-bottom:0px;padding-left:0px;}.wp-block-kadence-advancedheading.kt-adv-heading_c1f281-1b img.kb-inline-image, .wp-block-kadence-advancedheading.kt-adv-heading_c1f281-1b[data-kb-block=\"kb-adv-heading_c1f281-1b\"] img.kb-inline-image{width:150px;vertical-align:baseline;}<\/style>\n<h2 class=\"kt-adv-heading_c1f281-1b wp-block-kadence-advancedheading\" data-kb-block=\"kb-adv-heading_c1f281-1b\"><strong>Top Machine vous propose ses services de :&nbsp;<\/strong><\/h2>\n\n\n<style>.wp-block-kadence-iconlist.kt-svg-icon-list-items_a02fa5-49:not(.this-stops-third-party-issues){margin-top:0px;margin-bottom:0px;}.wp-block-kadence-iconlist.kt-svg-icon-list-items_a02fa5-49 ul.kt-svg-icon-list:not(.this-prevents-issues):not(.this-stops-third-party-issues):not(.tijsloc){margin-top:0px;margin-right:0px;margin-bottom:var(--global-kb-spacing-sm, 1.5rem);margin-left:0px;}.wp-block-kadence-iconlist.kt-svg-icon-list-items_a02fa5-49 ul.kt-svg-icon-list{grid-row-gap:5px;}.wp-block-kadence-iconlist.kt-svg-icon-list-items_a02fa5-49 ul.kt-svg-icon-list .kt-svg-icon-list-item-wrap .kt-svg-icon-list-single{margin-right:10px;}.kt-svg-icon-list-items_a02fa5-49 ul.kt-svg-icon-list .kt-svg-icon-list-level-0 .kt-svg-icon-list-single svg{font-size:20px;}<\/style>\n<div class=\"wp-block-kadence-iconlist kt-svg-icon-list-items kt-svg-icon-list-items_a02fa5-49 kt-svg-icon-list-columns-1 alignnone\"><ul class=\"kt-svg-icon-list\"><style>.kt-svg-icon-list-item-_c29360-b9 .kt-svg-icon-list-text mark.kt-highlight{background-color:unset;font-style:normal;color:#f76a0c;-webkit-box-decoration-break:clone;box-decoration-break:clone;padding-top:0px;padding-right:0px;padding-bottom:0px;padding-left:0px;}<\/style>\n<li class=\"wp-block-kadence-listitem kt-svg-icon-list-item-wrap kt-svg-icon-list-item-_c29360-b9\"><span class=\"kb-svg-icon-wrap kb-svg-icon-fe_checkCircle kt-svg-icon-list-single\"><svg viewBox=\"0 0 24 24\"  fill=\"none\" stroke=\"currentColor\" stroke-width=\"2\" stroke-linecap=\"round\" stroke-linejoin=\"round\" xmlns=\"http:\/\/www.w3.org\/2000\/svg\"  aria-hidden=\"true\"><path d=\"M22 11.08V12a10 10 0 1 1-5.93-9.14\"\/><polyline points=\"22 4 12 14.01 9 11.01\"\/><\/svg><\/span><span class=\"kt-svg-icon-list-text\">Mesures de d\u00e9bit<\/span><\/li>\n\n\n<style>.kt-svg-icon-list-item-_2f7b8c-2b .kt-svg-icon-list-text mark.kt-highlight{background-color:unset;font-style:normal;color:#f76a0c;-webkit-box-decoration-break:clone;box-decoration-break:clone;padding-top:0px;padding-right:0px;padding-bottom:0px;padding-left:0px;}<\/style>\n<li class=\"wp-block-kadence-listitem kt-svg-icon-list-item-wrap kt-svg-icon-list-item-_2f7b8c-2b\"><span class=\"kb-svg-icon-wrap kb-svg-icon-fe_checkCircle kt-svg-icon-list-single\"><svg viewBox=\"0 0 24 24\"  fill=\"none\" stroke=\"currentColor\" stroke-width=\"2\" stroke-linecap=\"round\" stroke-linejoin=\"round\" xmlns=\"http:\/\/www.w3.org\/2000\/svg\"  aria-hidden=\"true\"><path d=\"M22 11.08V12a10 10 0 1 1-5.93-9.14\"\/><polyline points=\"22 4 12 14.01 9 11.01\"\/><\/svg><\/span><span class=\"kt-svg-icon-list-text\">Mesures de pression<\/span><\/li>\n\n\n<style>.kt-svg-icon-list-item-_3bcbd5-41 .kt-svg-icon-list-text mark.kt-highlight{background-color:unset;font-style:normal;color:#f76a0c;-webkit-box-decoration-break:clone;box-decoration-break:clone;padding-top:0px;padding-right:0px;padding-bottom:0px;padding-left:0px;}<\/style>\n<li class=\"wp-block-kadence-listitem kt-svg-icon-list-item-wrap kt-svg-icon-list-item-_3bcbd5-41\"><span class=\"kb-svg-icon-wrap kb-svg-icon-fe_checkCircle kt-svg-icon-list-single\"><svg viewBox=\"0 0 24 24\"  fill=\"none\" stroke=\"currentColor\" stroke-width=\"2\" stroke-linecap=\"round\" stroke-linejoin=\"round\" xmlns=\"http:\/\/www.w3.org\/2000\/svg\"  aria-hidden=\"true\"><path d=\"M22 11.08V12a10 10 0 1 1-5.93-9.14\"\/><polyline points=\"22 4 12 14.01 9 11.01\"\/><\/svg><\/span><span class=\"kt-svg-icon-list-text\">V\u00e9rification des \u00e9paisseurs de tubes<\/span><\/li>\n<\/ul><\/div>\n\n\n\n<p class=\"has-text-align-center has-medium-font-size\">Vous souhaitez avoir un bilan de l\u2019int\u00e9grit\u00e9 de vos mat\u00e9riels d\u2019irrigation?&nbsp;<\/p>\n\n\n\n<p class=\"has-text-align-center\">Que ce soit pour votre enrouleur, votre rampe d\u2019irrigation, contactez-nous<\/p>\n\n\n<style>.wp-block-kadence-advancedbtn.kb-btns_b5048f-a0{gap:var(--global-kb-gap-xs, 0.5rem );justify-content:center;align-items:center;}.kt-btns_b5048f-a0 .kt-button{font-weight:normal;font-style:normal;}.kt-btns_b5048f-a0 .kt-btn-wrap-0{margin-right:5px;}.wp-block-kadence-advancedbtn.kt-btns_b5048f-a0 .kt-btn-wrap-0 .kt-button{color:#555555;border-color:#555555;}.wp-block-kadence-advancedbtn.kt-btns_b5048f-a0 .kt-btn-wrap-0 .kt-button:hover, .wp-block-kadence-advancedbtn.kt-btns_b5048f-a0 .kt-btn-wrap-0 .kt-button:focus{color:#ffffff;border-color:#444444;}.wp-block-kadence-advancedbtn.kt-btns_b5048f-a0 .kt-btn-wrap-0 .kt-button::before{display:none;}.wp-block-kadence-advancedbtn.kt-btns_b5048f-a0 .kt-btn-wrap-0 .kt-button:hover, .wp-block-kadence-advancedbtn.kt-btns_b5048f-a0 .kt-btn-wrap-0 .kt-button:focus{background:#444444;}<\/style>\n<div class=\"wp-block-kadence-advancedbtn kb-buttons-wrap kb-btns_b5048f-a0\"><style>ul.menu .wp-block-kadence-advancedbtn .kb-btn_2683a0-21.kb-button{width:initial;}<\/style><a class=\"kb-button kt-button button kb-btn_2683a0-21 kt-btn-size-standard kt-btn-width-type-auto kb-btn-global-inherit  kt-btn-has-text-true kt-btn-has-svg-false  wp-block-button__link wp-block-kadence-singlebtn\" href=\"http:\/\/topmachinecontrole.com\/index.php\/contact\/\" target=\"_blank\" rel=\"noreferrer noopener\"><span class=\"kt-btn-inner-text\">Demander un Devis<\/span><\/a><\/div>\n<\/div><\/div>\n\n\n<style>.kadence-column_c18311-76 > .kt-inside-inner-col{min-height:680px;}.kadence-column_c18311-76 > .kt-inside-inner-col,.kadence-column_c18311-76 > .kt-inside-inner-col:before{border-top-left-radius:0px;border-top-right-radius:0px;border-bottom-right-radius:0px;border-bottom-left-radius:0px;}.kadence-column_c18311-76 > .kt-inside-inner-col{column-gap:var(--global-kb-gap-sm, 1rem);}.kadence-column_c18311-76 > .kt-inside-inner-col{flex-direction:column;}.kadence-column_c18311-76 > .kt-inside-inner-col > .aligncenter{width:100%;}.kadence-column_c18311-76 > .kt-inside-inner-col{background-image:url('http:\/\/topmachinecontrole.com\/wp-content\/uploads\/2023\/07\/20230704_154558-scaled.jpg');background-size:contain;background-position:50% 50%;background-attachment:scroll;background-repeat:no-repeat;}.kadence-column_c18311-76{position:relative;}@media all and (max-width: 1024px){.kadence-column_c18311-76 > .kt-inside-inner-col{min-height:400px;flex-direction:column;justify-content:center;}}@media all and (max-width: 767px){.kadence-column_c18311-76 > .kt-inside-inner-col{min-height:300px;flex-direction:column;justify-content:center;}}<\/style>\n<div class=\"wp-block-kadence-column kadence-column_c18311-76 kb-section-dir-vertical kb-section-md-dir-vertical inner-column-2\"><div class=\"kt-inside-inner-col\"><\/div><\/div>\n\n<\/div><\/div>","protected":false},"excerpt":{"rendered":"<p>Une v\u00e9rification de l\u2019int\u00e9grit\u00e9 des structures d\u2019irrigation pour une campagne sereine Top Machine vous propose ses services de :&nbsp; Vous souhaitez avoir un bilan de l\u2019int\u00e9grit\u00e9 de vos mat\u00e9riels d\u2019irrigation?&nbsp; Que ce soit pour votre enrouleur, votre rampe d\u2019irrigation, contactez-nous<\/p>\n","protected":false},"author":1,"featured_media":0,"parent":0,"menu_order":0,"comment_status":"closed","ping_status":"closed","template":"","meta":{"_kad_post_transparent":"","_kad_post_title":"","_kad_post_layout":"","_kad_post_sidebar_id":"","_kad_post_content_style":"","_kad_post_vertical_padding":"","_kad_post_feature":"","_kad_post_feature_position":"","_kad_post_header":false,"_kad_post_footer":false,"footnotes":""},"class_list":["post-99","page","type-page","status-publish","hentry"],"_links":{"self":[{"href":"https:\/\/topmachinecontrole.com\/index.php\/wp-json\/wp\/v2\/pages\/99","targetHints":{"allow":["GET"]}}],"collection":[{"href":"https:\/\/topmachinecontrole.com\/index.php\/wp-json\/wp\/v2\/pages"}],"about":[{"href":"https:\/\/topmachinecontrole.com\/index.php\/wp-json\/wp\/v2\/types\/page"}],"author":[{"embeddable":true,"href":"https:\/\/topmachinecontrole.com\/index.php\/wp-json\/wp\/v2\/users\/1"}],"replies":[{"embeddable":true,"href":"https:\/\/topmachinecontrole.com\/index.php\/wp-json\/wp\/v2\/comments?post=99"}],"version-history":[{"count":19,"href":"https:\/\/topmachinecontrole.com\/index.php\/wp-json\/wp\/v2\/pages\/99\/revisions"}],"predecessor-version":[{"id":589,"href":"https:\/\/topmachinecontrole.com\/index.php\/wp-json\/wp\/v2\/pages\/99\/revisions\/589"}],"wp:attachment":[{"href":"https:\/\/topmachinecontrole.com\/index.php\/wp-json\/wp\/v2\/media?parent=99"}],"curies":[{"name":"wp","href":"https:\/\/api.w.org\/{rel}","templated":true}]}}